{"id":20325,"date":"2021-05-07T07:44:12","date_gmt":"2021-05-07T07:44:12","guid":{"rendered":"https:\/\/cw-cbs.rs\/?page_id=20325"},"modified":"2023-04-26T13:34:46","modified_gmt":"2023-04-26T13:34:46","slug":"bridge-plaza","status":"publish","type":"page","link":"https:\/\/cw-cbs.rs\/en\/bridge-plaza\/","title":{"rendered":"Bridge Plaza"},"content":{"rendered":"<div>\n<h6 class=\"font-weight-bold mt-2\"><strong>Projekat:<\/strong> <span class=\"span-reset-color\">Bridge Plaza<\/span><\/h6>\n<\/div>\n<div>\n<h6 class=\"font-weight-bold mt-2\"><strong>Lokacija:<\/strong> <span class=\"span-reset-color\">Novi Beograd, Blok 43<\/span><\/h6>\n<\/div>\n<div class=\"card-text rich-text p-0 m-0\">Poslovni kompleks Bridge Plaza tr\u017ei\u0161tu predstavlja dve poslovne zgrade od kojih je jedna namenjena izdavanju, druga prodaji. Prvi put na na\u0161em tr\u017ei\u0161tu nudimo priliku za kupovinu poslovnog prostora ve\u0107 od 424 kvadrata povr\u0161ine jednog sprata, ili ve\u0107e kvadrature, sa centralizovanim sistemom upravljanja i odr\u017eavanja.<\/div>\n<div class=\"row no-gutters\">\n<div class=\"col-12\">\n<p class=\"p-0 m-0\">Za vi\u0161e informacija pozovite: <a href=\"tel:+ 381 65 22 73 383\">+ 381 65 22 73 383<\/a><\/p>\n<p class=\"p-0 m-0\">Email: <a class=\"side-menu-link\" href=\"mailto:dusan.tripkovic@cw-cbs.rs?Subject=Po\u0161tovani\">dusan.tripkovic@cw-cbs.rs<\/a><\/p>\n<\/div>\n<\/div>\n<p>\t\t\t\t\t\t\t            <a href=\"\/wp-content\/uploads\/2022\/04\/Bridge-Plaza-2022.pdf\" target=\"blank\" class=\"btn btn-primary\" title=\"download broshure\" rel=\"noopener noreferrer\" document-file-name=\"Poslovni kompleks Bridge Plaza tr\u017ei\u0161tu predstavlja dve poslovne zgrade\">Preuzmite bro\u0161uru<\/a><\/p>\n","protected":false},"excerpt":{"rendered":"<div class=\"card-text mb-3 rich-text\">Projekat: Bridge Plaza Lokacija: Novi Beograd, Blok 43 Poslovni kompleks Bridge Plaza tr\u017ei\u0161tu predstavlja dve poslovne zgrade od kojih je&hellip;<\/div><a href=\"https:\/\/cw-cbs.rs\/en\/bridge-plaza\/\" class=\"btn btn-secondary btn-no-radius btn-block\">Learn More<\/a>.","protected":false},"author":1,"featured_media":20327,"parent":0,"menu_order":0,"comment_status":"closed","ping_status":"closed","template":"single-featuredproperties.php","meta":{"footnotes":""},"yoast_head":"<!-- This site is optimized with the Yoast SEO plugin v23.8 - https:\/\/yoast.com\/wordpress\/plugins\/seo\/ -->\n<title>Bridge Plaza - CBS International<\/title>\n<meta name=\"robots\" content=\"index, follow, max-snippet:-1, max-image-preview:large, max-video-preview:-1\" \/>\n<link rel=\"canonical\" href=\"https:\/\/cw-cbs.rs\/bridge-plaza\/\" \/>\n<meta property=\"og:locale\" content=\"en_US\" \/>\n<meta property=\"og:type\" content=\"article\" \/>\n<meta property=\"og:title\" content=\"Bridge Plaza - CBS International\" \/>\n<meta property=\"og:description\" content=\"Projekat: Bridge Plaza Lokacija: Novi Beograd, Blok 43 Poslovni kompleks Bridge Plaza tr\u017ei\u0161tu predstavlja dve poslovne zgrade od kojih je jedna namenjena izdavanju, druga prodaji. Prvi put na na\u0161em tr\u017ei\u0161tu nudimo priliku za kupovinu poslovnog prostora ve\u0107 od 424 kvadrata povr\u0161ine jednog sprata, ili ve\u0107e kvadrature, sa centralizovanim sistemom upravljanja i odr\u017eavanja. Za vi\u0161e informacija [...]Read More...\" \/>\n<meta property=\"og:url\" content=\"https:\/\/cw-cbs.rs\/bridge-plaza\/\" \/>\n<meta property=\"og:site_name\" content=\"CBS International\" \/>\n<meta property=\"article:modified_time\" content=\"2023-04-26T13:34:46+00:00\" \/>\n<meta property=\"og:image\" content=\"https:\/\/cw-cbs.rs\/wp-content\/uploads\/2021\/05\/BridgePlazaLanding.jpg\" \/>\n\t<meta property=\"og:image:width\" content=\"1684\" \/>\n\t<meta property=\"og:image:height\" content=\"1080\" \/>\n\t<meta property=\"og:image:type\" content=\"image\/jpeg\" \/>\n<meta name=\"twitter:card\" content=\"summary_large_image\" \/>\n<meta name=\"twitter:label1\" content=\"Est. reading time\" \/>\n\t<meta name=\"twitter:data1\" content=\"1 minute\" \/>\n<script type=\"application\/ld+json\" class=\"yoast-schema-graph\">{\"@context\":\"https:\/\/schema.org\",\"@graph\":[{\"@type\":\"WebPage\",\"@id\":\"https:\/\/cw-cbs.rs\/bridge-plaza\/\",\"url\":\"https:\/\/cw-cbs.rs\/bridge-plaza\/\",\"name\":\"Bridge Plaza - CBS International\",\"isPartOf\":{\"@id\":\"https:\/\/cw-cbs.rs\/en\/#website\"},\"primaryImageOfPage\":{\"@id\":\"https:\/\/cw-cbs.rs\/bridge-plaza\/#primaryimage\"},\"image\":{\"@id\":\"https:\/\/cw-cbs.rs\/bridge-plaza\/#primaryimage\"},\"thumbnailUrl\":\"https:\/\/cw-cbs.rs\/wp-content\/uploads\/2021\/05\/BridgePlazaLanding.jpg\",\"datePublished\":\"2021-05-07T07:44:12+00:00\",\"dateModified\":\"2023-04-26T13:34:46+00:00\",\"breadcrumb\":{\"@id\":\"https:\/\/cw-cbs.rs\/bridge-plaza\/#breadcrumb\"},\"inLanguage\":\"en-US\",\"potentialAction\":[{\"@type\":\"ReadAction\",\"target\":[\"https:\/\/cw-cbs.rs\/bridge-plaza\/\"]}]},{\"@type\":\"ImageObject\",\"inLanguage\":\"en-US\",\"@id\":\"https:\/\/cw-cbs.rs\/bridge-plaza\/#primaryimage\",\"url\":\"https:\/\/cw-cbs.rs\/wp-content\/uploads\/2021\/05\/BridgePlazaLanding.jpg\",\"contentUrl\":\"https:\/\/cw-cbs.rs\/wp-content\/uploads\/2021\/05\/BridgePlazaLanding.jpg\",\"width\":1684,\"height\":1080},{\"@type\":\"BreadcrumbList\",\"@id\":\"https:\/\/cw-cbs.rs\/bridge-plaza\/#breadcrumb\",\"itemListElement\":[{\"@type\":\"ListItem\",\"position\":1,\"name\":\"\u041f\u043e\u0447\u0435\u0442\u043d\u0430\",\"item\":\"https:\/\/cw-cbs.rs\/en\/\"},{\"@type\":\"ListItem\",\"position\":2,\"name\":\"Bridge Plaza\"}]},{\"@type\":\"WebSite\",\"@id\":\"https:\/\/cw-cbs.rs\/en\/#website\",\"url\":\"https:\/\/cw-cbs.rs\/en\/\",\"name\":\"CBS International\",\"description\":\"Cushman &amp; Wakefield Serbia\",\"potentialAction\":[{\"@type\":\"SearchAction\",\"target\":{\"@type\":\"EntryPoint\",\"urlTemplate\":\"https:\/\/cw-cbs.rs\/en\/?s={search_term_string}\"},\"query-input\":{\"@type\":\"PropertyValueSpecification\",\"valueRequired\":true,\"valueName\":\"search_term_string\"}}],\"inLanguage\":\"en-US\"}]}<\/script>\n<!-- \/ Yoast SEO plugin. -->","yoast_head_json":{"title":"Bridge Plaza - CBS International","robots":{"index":"index","follow":"follow","max-snippet":"max-snippet:-1","max-image-preview":"max-image-preview:large","max-video-preview":"max-video-preview:-1"},"canonical":"https:\/\/cw-cbs.rs\/bridge-plaza\/","og_locale":"en_US","og_type":"article","og_title":"Bridge Plaza - CBS International","og_description":"Projekat: Bridge Plaza Lokacija: Novi Beograd, Blok 43 Poslovni kompleks Bridge Plaza tr\u017ei\u0161tu predstavlja dve poslovne zgrade od kojih je jedna namenjena izdavanju, druga prodaji. Prvi put na na\u0161em tr\u017ei\u0161tu nudimo priliku za kupovinu poslovnog prostora ve\u0107 od 424 kvadrata povr\u0161ine jednog sprata, ili ve\u0107e kvadrature, sa centralizovanim sistemom upravljanja i odr\u017eavanja. Za vi\u0161e informacija [...]Read More...","og_url":"https:\/\/cw-cbs.rs\/bridge-plaza\/","og_site_name":"CBS International","article_modified_time":"2023-04-26T13:34:46+00:00","og_image":[{"width":1684,"height":1080,"url":"https:\/\/cw-cbs.rs\/wp-content\/uploads\/2021\/05\/BridgePlazaLanding.jpg","type":"image\/jpeg"}],"twitter_card":"summary_large_image","twitter_misc":{"Est. reading time":"1 minute"},"schema":{"@context":"https:\/\/schema.org","@graph":[{"@type":"WebPage","@id":"https:\/\/cw-cbs.rs\/bridge-plaza\/","url":"https:\/\/cw-cbs.rs\/bridge-plaza\/","name":"Bridge Plaza - CBS International","isPartOf":{"@id":"https:\/\/cw-cbs.rs\/en\/#website"},"primaryImageOfPage":{"@id":"https:\/\/cw-cbs.rs\/bridge-plaza\/#primaryimage"},"image":{"@id":"https:\/\/cw-cbs.rs\/bridge-plaza\/#primaryimage"},"thumbnailUrl":"https:\/\/cw-cbs.rs\/wp-content\/uploads\/2021\/05\/BridgePlazaLanding.jpg","datePublished":"2021-05-07T07:44:12+00:00","dateModified":"2023-04-26T13:34:46+00:00","breadcrumb":{"@id":"https:\/\/cw-cbs.rs\/bridge-plaza\/#breadcrumb"},"inLanguage":"en-US","potentialAction":[{"@type":"ReadAction","target":["https:\/\/cw-cbs.rs\/bridge-plaza\/"]}]},{"@type":"ImageObject","inLanguage":"en-US","@id":"https:\/\/cw-cbs.rs\/bridge-plaza\/#primaryimage","url":"https:\/\/cw-cbs.rs\/wp-content\/uploads\/2021\/05\/BridgePlazaLanding.jpg","contentUrl":"https:\/\/cw-cbs.rs\/wp-content\/uploads\/2021\/05\/BridgePlazaLanding.jpg","width":1684,"height":1080},{"@type":"BreadcrumbList","@id":"https:\/\/cw-cbs.rs\/bridge-plaza\/#breadcrumb","itemListElement":[{"@type":"ListItem","position":1,"name":"\u041f\u043e\u0447\u0435\u0442\u043d\u0430","item":"https:\/\/cw-cbs.rs\/en\/"},{"@type":"ListItem","position":2,"name":"Bridge Plaza"}]},{"@type":"WebSite","@id":"https:\/\/cw-cbs.rs\/en\/#website","url":"https:\/\/cw-cbs.rs\/en\/","name":"CBS International","description":"Cushman &amp; Wakefield Serbia","potentialAction":[{"@type":"SearchAction","target":{"@type":"EntryPoint","urlTemplate":"https:\/\/cw-cbs.rs\/en\/?s={search_term_string}"},"query-input":{"@type":"PropertyValueSpecification","valueRequired":true,"valueName":"search_term_string"}}],"inLanguage":"en-US"}]}},"_links":{"self":[{"href":"https:\/\/cw-cbs.rs\/en\/wp-json\/wp\/v2\/pages\/20325"}],"collection":[{"href":"https:\/\/cw-cbs.rs\/en\/wp-json\/wp\/v2\/pages"}],"about":[{"href":"https:\/\/cw-cbs.rs\/en\/wp-json\/wp\/v2\/types\/page"}],"author":[{"embeddable":true,"href":"https:\/\/cw-cbs.rs\/en\/wp-json\/wp\/v2\/users\/1"}],"replies":[{"embeddable":true,"href":"https:\/\/cw-cbs.rs\/en\/wp-json\/wp\/v2\/comments?post=20325"}],"version-history":[{"count":14,"href":"https:\/\/cw-cbs.rs\/en\/wp-json\/wp\/v2\/pages\/20325\/revisions"}],"predecessor-version":[{"id":30611,"href":"https:\/\/cw-cbs.rs\/en\/wp-json\/wp\/v2\/pages\/20325\/revisions\/30611"}],"wp:featuredmedia":[{"embeddable":true,"href":"https:\/\/cw-cbs.rs\/en\/wp-json\/wp\/v2\/media\/20327"}],"wp:attachment":[{"href":"https:\/\/cw-cbs.rs\/en\/wp-json\/wp\/v2\/media?parent=20325"}],"curies":[{"name":"wp","href":"https:\/\/api.w.org\/{rel}","templated":true}]}}