{"id":170154,"date":"2026-03-23T11:44:34","date_gmt":"2026-03-23T11:44:34","guid":{"rendered":"https:\/\/cw-cbs.rs\/?page_id=170154"},"modified":"2026-03-23T11:44:34","modified_gmt":"2026-03-23T11:44:34","slug":"hemograd-zemljisne-parcele-za-izgradnju-porodicnih-kuca-i-stambenog-objekta","status":"publish","type":"page","link":"https:\/\/cw-cbs.rs\/en\/vrsac\/","title":{"rendered":"Hemograd Land Plots for the Construction of Family Houses and a Residential Building"},"content":{"rendered":"<p><strong>Project:<\/strong> Development land \u2013 selection of plots for the construction of amily houses.<\/p>\n<p><strong>Location<\/strong>: Vr\u0161ac<\/p>\n<p>Building plots are available in the attractive Hemograd micro-location in Vr\u0161ac, intended for the construction of family houses and a residential building. The site is situated in a peaceful and well-designed neighbourhood, within already developed modern neighborhood with established infrastructure, ensuring \u00a0quality \u00a0and cozy lifestyle.<\/p>\n<p>Urban planning parameters allow for the construction of family houses with a ground floor + one upper floor (GF+1), with a maximum plot occupancy of 50%, while \u00a0the plot intended for a residential building is envisaged as Ground floor + 4 Upper floors (GF+4). These conditions provide flexibility for both individual construction and investment projects.<\/p>\n<p>Explore the 3D visualization of the potential development along Kestena Street, based on already completed buildings and a thoughtfully designed architectural concept for the entire neighborhood, helping you better understand its full potential. The micro-location, along with the already vibrant Lipa Street, offers landscaped green areas, contemporary architecture, and a peaceful family-oriented environment.<\/p>\n<p>The plots are well positioned, with clear organization and access roads, enabling straightforward planning and construction. Choose the ideal position for you and your family on the map of all available plots and reserve yours in time.<\/p>\n<p class=\"p-0\" style=\"margin-top: 32px;\"><a style=\"background-color: #e4002b; color: #fff; padding: 8px 16px 8px 16px;\" href=\"https:\/\/heyzine.com\/flip-book\/a38e2930bc.html\" target=\"_blank\" rel=\"noopener\">DOWNLOAD BROCHURE<\/a><\/p>\n<p>For more information, please contact us:<strong>Project:<\/strong> Development land \u2013 selection of plots for the construction of amily houses.<\/p>\n<p><strong>Location<\/strong>: Vr\u0161ac<\/p>\n<p>Building plots are available in the attractive Hemograd micro-location in Vr\u0161ac, intended for the construction of family houses and a residential building. The site is situated in a peaceful and well-designed neighbourhood, within already developed modern neighborhood with established infrastructure, ensuring \u00a0quality \u00a0and cozy lifestyle.<\/p>\n<p>Urban planning parameters allow for the construction of family houses with a ground floor + one upper floor (GF+1), with a maximum plot occupancy of 50%, while \u00a0the plot intended for a residential building is envisaged as Ground floor + 4 Upper floors (GF+4). These conditions provide flexibility for both individual construction and investment projects.<\/p>\n<p>Explore the 3D visualization of the potential development along Kestena Street, based on already completed buildings and a thoughtfully designed architectural concept for the entire neighborhood, helping you better understand its full potential. The micro-location, along with the already vibrant Lipa Street, offers landscaped green areas, contemporary architecture, and a peaceful family-oriented environment.<\/p>\n<p>The plots are well positioned, with clear organization and access roads, enabling straightforward planning and construction. Choose the ideal position for you and your family on the map of all available plots and reserve yours in time.<\/p>\n<p class=\"p-0\" style=\"margin-top: 32px;\"><a style=\"background-color: #e4002b; color: #fff; padding: 8px 16px 8px 16px;\" href=\"https:\/\/heyzine.com\/flip-book\/a38e2930bc.html\" target=\"_blank\" rel=\"noopener\">DOWNLOAD BROCHURE<\/a><\/p>\n<p>For more information, please contact us:<\/p>","protected":false},"excerpt":{"rendered":"<div class=\"card-text mb-3 rich-text\">Project: Development land \u2013 selection of plots for the construction of amily houses. Location: Vr\u0161ac Building plots are available in&hellip;<\/div><a href=\"https:\/\/cw-cbs.rs\/en\/vrsac\/\" class=\"btn btn-secondary btn-no-radius btn-block\">Learn More<\/a>.","protected":false},"author":83269,"featured_media":170155,"parent":0,"menu_order":0,"comment_status":"closed","ping_status":"closed","template":"single-featuredproperties.php","meta":{"footnotes":""},"yoast_head":"<!-- This site is optimized with the Yoast SEO plugin v23.8 - https:\/\/yoast.com\/wordpress\/plugins\/seo\/ -->\n<title>Hemograd Land Plots for the Construction of Family Houses and a Residential Building - CBS International<\/title>\n<meta name=\"robots\" content=\"index, follow, max-snippet:-1, max-image-preview:large, max-video-preview:-1\" \/>\n<link rel=\"canonical\" href=\"https:\/\/cw-cbs.rs\/vrsac\/\" \/>\n<meta property=\"og:locale\" content=\"en_US\" \/>\n<meta property=\"og:type\" content=\"article\" \/>\n<meta property=\"og:title\" content=\"[:sr]Hemograd zemlji\u0161ne parcele za izgradnju porodi\u010dnih ku\u0107a i stambenog objekta[:en]Hemograd Land Plots for the Construction of Family Houses and a Residential Building[:] - CBS International\" \/>\n<meta property=\"og:description\" content=\"Project: Development land \u2013 selection of plots for the construction of amily houses. Location: Vr\u0161ac Building plots are available in the attractive Hemograd micro-location in Vr\u0161ac, intended for the construction of family houses and a residential building. The site is situated in a peaceful and well-designed neighbourhood, within already developed modern neighborhood with established infrastructure, [...]Read More...\" \/>\n<meta property=\"og:url\" content=\"https:\/\/cw-cbs.rs\/vrsac\/\" \/>\n<meta property=\"og:site_name\" content=\"CBS International\" \/>\n<meta property=\"og:image\" content=\"https:\/\/cw-cbs.rs\/wp-content\/uploads\/2026\/03\/Vrsac_image_2026-03-11_15-37-44-331.jpg\" \/>\n\t<meta property=\"og:image:width\" content=\"1600\" \/>\n\t<meta property=\"og:image:height\" content=\"800\" \/>\n\t<meta property=\"og:image:type\" content=\"image\/jpeg\" \/>\n<meta name=\"twitter:card\" content=\"summary_large_image\" \/>\n<meta name=\"twitter:label1\" content=\"Est. reading time\" \/>\n\t<meta name=\"twitter:data1\" content=\"2 minutes\" \/>\n<script type=\"application\/ld+json\" class=\"yoast-schema-graph\">{\"@context\":\"https:\/\/schema.org\",\"@graph\":[{\"@type\":\"WebPage\",\"@id\":\"https:\/\/cw-cbs.rs\/vrsac\/\",\"url\":\"https:\/\/cw-cbs.rs\/vrsac\/\",\"name\":\"[:sr]Hemograd zemlji\u0161ne parcele za izgradnju porodi\u010dnih ku\u0107a i stambenog objekta[:en]Hemograd Land Plots for the Construction of Family Houses and a Residential Building[:] - CBS International\",\"isPartOf\":{\"@id\":\"https:\/\/cw-cbs.rs\/en\/#website\"},\"primaryImageOfPage\":{\"@id\":\"https:\/\/cw-cbs.rs\/vrsac\/#primaryimage\"},\"image\":{\"@id\":\"https:\/\/cw-cbs.rs\/vrsac\/#primaryimage\"},\"thumbnailUrl\":\"https:\/\/cw-cbs.rs\/wp-content\/uploads\/2026\/03\/Vrsac_image_2026-03-11_15-37-44-331.jpg\",\"datePublished\":\"2026-03-23T11:44:34+00:00\",\"dateModified\":\"2026-03-23T11:44:34+00:00\",\"breadcrumb\":{\"@id\":\"https:\/\/cw-cbs.rs\/vrsac\/#breadcrumb\"},\"inLanguage\":\"en-US\",\"potentialAction\":[{\"@type\":\"ReadAction\",\"target\":[\"https:\/\/cw-cbs.rs\/vrsac\/\"]}]},{\"@type\":\"ImageObject\",\"inLanguage\":\"en-US\",\"@id\":\"https:\/\/cw-cbs.rs\/vrsac\/#primaryimage\",\"url\":\"https:\/\/cw-cbs.rs\/wp-content\/uploads\/2026\/03\/Vrsac_image_2026-03-11_15-37-44-331.jpg\",\"contentUrl\":\"https:\/\/cw-cbs.rs\/wp-content\/uploads\/2026\/03\/Vrsac_image_2026-03-11_15-37-44-331.jpg\",\"width\":1600,\"height\":800},{\"@type\":\"BreadcrumbList\",\"@id\":\"https:\/\/cw-cbs.rs\/vrsac\/#breadcrumb\",\"itemListElement\":[{\"@type\":\"ListItem\",\"position\":1,\"name\":\"\u041f\u043e\u0447\u0435\u0442\u043d\u0430\",\"item\":\"https:\/\/cw-cbs.rs\/en\/\"},{\"@type\":\"ListItem\",\"position\":2,\"name\":\"Hemograd Land Plots for the Construction of Family Houses and a Residential Building\"}]},{\"@type\":\"WebSite\",\"@id\":\"https:\/\/cw-cbs.rs\/en\/#website\",\"url\":\"https:\/\/cw-cbs.rs\/en\/\",\"name\":\"CBS International\",\"description\":\"Cushman &amp; Wakefield Serbia\",\"potentialAction\":[{\"@type\":\"SearchAction\",\"target\":{\"@type\":\"EntryPoint\",\"urlTemplate\":\"https:\/\/cw-cbs.rs\/en\/?s={search_term_string}\"},\"query-input\":{\"@type\":\"PropertyValueSpecification\",\"valueRequired\":true,\"valueName\":\"search_term_string\"}}],\"inLanguage\":\"en-US\"}]}<\/script>\n<!-- \/ Yoast SEO plugin. -->","yoast_head_json":{"title":"[:sr]Hemograd zemlji\u0161ne parcele za izgradnju porodi\u010dnih ku\u0107a i stambenog objekta[:en]Hemograd Land Plots for the Construction of Family Houses and a Residential Building[:] - CBS International","robots":{"index":"index","follow":"follow","max-snippet":"max-snippet:-1","max-image-preview":"max-image-preview:large","max-video-preview":"max-video-preview:-1"},"canonical":"https:\/\/cw-cbs.rs\/vrsac\/","og_locale":"en_US","og_type":"article","og_title":"[:sr]Hemograd zemlji\u0161ne parcele za izgradnju porodi\u010dnih ku\u0107a i stambenog objekta[:en]Hemograd Land Plots for the Construction of Family Houses and a Residential Building[:] - CBS International","og_description":"Project: Development land \u2013 selection of plots for the construction of amily houses. Location: Vr\u0161ac Building plots are available in the attractive Hemograd micro-location in Vr\u0161ac, intended for the construction of family houses and a residential building. The site is situated in a peaceful and well-designed neighbourhood, within already developed modern neighborhood with established infrastructure, [...]Read More...","og_url":"https:\/\/cw-cbs.rs\/vrsac\/","og_site_name":"CBS International","og_image":[{"width":1600,"height":800,"url":"https:\/\/cw-cbs.rs\/wp-content\/uploads\/2026\/03\/Vrsac_image_2026-03-11_15-37-44-331.jpg","type":"image\/jpeg"}],"twitter_card":"summary_large_image","twitter_misc":{"Est. reading time":"2 minutes"},"schema":{"@context":"https:\/\/schema.org","@graph":[{"@type":"WebPage","@id":"https:\/\/cw-cbs.rs\/vrsac\/","url":"https:\/\/cw-cbs.rs\/vrsac\/","name":"[:sr]Hemograd zemlji\u0161ne parcele za izgradnju porodi\u010dnih ku\u0107a i stambenog objekta[:en]Hemograd Land Plots for the Construction of Family Houses and a Residential Building[:] - CBS International","isPartOf":{"@id":"https:\/\/cw-cbs.rs\/en\/#website"},"primaryImageOfPage":{"@id":"https:\/\/cw-cbs.rs\/vrsac\/#primaryimage"},"image":{"@id":"https:\/\/cw-cbs.rs\/vrsac\/#primaryimage"},"thumbnailUrl":"https:\/\/cw-cbs.rs\/wp-content\/uploads\/2026\/03\/Vrsac_image_2026-03-11_15-37-44-331.jpg","datePublished":"2026-03-23T11:44:34+00:00","dateModified":"2026-03-23T11:44:34+00:00","breadcrumb":{"@id":"https:\/\/cw-cbs.rs\/vrsac\/#breadcrumb"},"inLanguage":"en-US","potentialAction":[{"@type":"ReadAction","target":["https:\/\/cw-cbs.rs\/vrsac\/"]}]},{"@type":"ImageObject","inLanguage":"en-US","@id":"https:\/\/cw-cbs.rs\/vrsac\/#primaryimage","url":"https:\/\/cw-cbs.rs\/wp-content\/uploads\/2026\/03\/Vrsac_image_2026-03-11_15-37-44-331.jpg","contentUrl":"https:\/\/cw-cbs.rs\/wp-content\/uploads\/2026\/03\/Vrsac_image_2026-03-11_15-37-44-331.jpg","width":1600,"height":800},{"@type":"BreadcrumbList","@id":"https:\/\/cw-cbs.rs\/vrsac\/#breadcrumb","itemListElement":[{"@type":"ListItem","position":1,"name":"\u041f\u043e\u0447\u0435\u0442\u043d\u0430","item":"https:\/\/cw-cbs.rs\/en\/"},{"@type":"ListItem","position":2,"name":"Hemograd Land Plots for the Construction of Family Houses and a Residential Building"}]},{"@type":"WebSite","@id":"https:\/\/cw-cbs.rs\/en\/#website","url":"https:\/\/cw-cbs.rs\/en\/","name":"CBS International","description":"Cushman &amp; Wakefield Serbia","potentialAction":[{"@type":"SearchAction","target":{"@type":"EntryPoint","urlTemplate":"https:\/\/cw-cbs.rs\/en\/?s={search_term_string}"},"query-input":{"@type":"PropertyValueSpecification","valueRequired":true,"valueName":"search_term_string"}}],"inLanguage":"en-US"}]}},"_links":{"self":[{"href":"https:\/\/cw-cbs.rs\/en\/wp-json\/wp\/v2\/pages\/170154"}],"collection":[{"href":"https:\/\/cw-cbs.rs\/en\/wp-json\/wp\/v2\/pages"}],"about":[{"href":"https:\/\/cw-cbs.rs\/en\/wp-json\/wp\/v2\/types\/page"}],"author":[{"embeddable":true,"href":"https:\/\/cw-cbs.rs\/en\/wp-json\/wp\/v2\/users\/83269"}],"replies":[{"embeddable":true,"href":"https:\/\/cw-cbs.rs\/en\/wp-json\/wp\/v2\/comments?post=170154"}],"version-history":[{"count":4,"href":"https:\/\/cw-cbs.rs\/en\/wp-json\/wp\/v2\/pages\/170154\/revisions"}],"predecessor-version":[{"id":170159,"href":"https:\/\/cw-cbs.rs\/en\/wp-json\/wp\/v2\/pages\/170154\/revisions\/170159"}],"wp:featuredmedia":[{"embeddable":true,"href":"https:\/\/cw-cbs.rs\/en\/wp-json\/wp\/v2\/media\/170155"}],"wp:attachment":[{"href":"https:\/\/cw-cbs.rs\/en\/wp-json\/wp\/v2\/media?parent=170154"}],"curies":[{"name":"wp","href":"https:\/\/api.w.org\/{rel}","templated":true}]}}